{"id":8,"date":"2013-05-31T08:44:43","date_gmt":"2013-05-31T06:44:43","guid":{"rendered":"http:\/\/impreza.us-themes.net\/"},"modified":"2026-01-25T07:52:29","modified_gmt":"2026-01-25T06:52:29","slug":"domov","status":"publish","type":"page","link":"http:\/\/devasi.si\/start\/","title":{"rendered":"Domov"},"content":{"rendered":"<section class=\"l-section wpb_row height_auto width_full color_primary\"><div class=\"l-section-h i-cf\"><div class=\"g-cols vc_row via_flex valign_top type_default stacking_default\"><div class=\"vc_col-sm-12 wpb_column vc_column_container\"><div class=\"vc_column-inner\"><div class=\"wpb_wrapper\">[rev_slider_vc alias=&#8221;start-1&#8243;]<\/div><\/div><\/div><\/div><\/div><\/section><section class=\"l-section wpb_row height_medium\"><div class=\"l-section-h i-cf\"><div class=\"g-cols vc_row via_flex valign_top type_default stacking_default\"><div class=\"vc_col-sm-12 wpb_column vc_column_container\"><div class=\"vc_column-inner\"><div class=\"wpb_wrapper\"><div class=\"w-image us_custom_9484cff6 us_animate_this align_left\"><div class=\"w-image-h\"><img decoding=\"async\" width=\"279\" height=\"103\" src=\"http:\/\/devasi.si\/start\/wp-content\/uploads\/2021\/02\/Athena2021Logo.jpg\" class=\"attachment-full size-full\" alt=\"\" loading=\"lazy\" \/><\/div><\/div><div class=\"w-separator size_small\"><\/div><div class=\"w-actionbox us_custom_358f7492 has_text_color color_light controls_right\"><div class=\"w-actionbox-text\"><h3 class=\"w-actionbox-title\">ATHENA 2025 je na voljo!<\/h3><div class=\"w-actionbox-description\"><p>V sodelovanju z na\u0161im razvojnim oddelkom in s pomo\u010djo va\u0161ih predlogov, smo \u0161e enkrat ve\u010d izdelali verzijo, ki vam bo pomagala dose\u010di cilje \u0161e hitreje, bolj varno, in bolj efektivno.<br \/>\n07.11.2025<\/p>\n<\/div><\/div><div class=\"w-actionbox-controls\"><a class=\"w-btn us-btn-style_3 icon_atleft\" title=\"CAD-PLAN Athena 2019\" href=\"http:\/\/devasi.si\/start\/tabs\" style=\"font-size:18px;\"><i class=\"far fa-play\"><\/i><span class=\"w-btn-label\">ATHENA 2025 preberi ve\u010d&#8230;<\/span><\/a><\/div><\/div><div class=\"w-separator size_medium\"><\/div><div class=\"wpb_text_column\"><div class=\"wpb_wrapper\"><h2 style=\"text-align: center;\"><strong>Devasi d.o.o.<\/strong>\u00a0in\u017eenirske storitve<\/h2>\n<\/div><\/div><div class=\"w-separator size_medium\"><\/div><div class=\"g-cols wpb_row via_flex valign_top type_default stacking_default\"><div class=\"vc_col-sm-3 wpb_column vc_column_container\"><div class=\"vc_column-inner\"><div class=\"wpb_wrapper\"><div class=\"w-iconbox iconpos_top style_outlined color_primary align_center\"><a href=\"#fourth\" class=\"w-iconbox-link\" aria-label=\"Programska oprema\"><div class=\"w-iconbox-icon\" style=\"font-size:32;\"><i class=\"far fa-file-code\"><\/i><\/div><\/a><div class=\"w-iconbox-meta\"><h4 class=\"w-iconbox-title\"><a href=\"#fourth\" class=\"w-iconbox-link\" aria-label=\"Programska oprema\">Programska oprema<\/a><\/h4><div class=\"w-iconbox-text\"><p>Smo poobla\u0161\u010deni distributer za programsko opremo podjetja CAD-PLAN GmbH. Nudimo programsko opremo za projektiranje Athena, Apollona, termi\u010dne analize Flixo, statiko stekla Mepla, Cronosa in vse Autodeskove produkte. Nudimo kompletno storitev od prodaje do izobra\u017eevanja.<\/p>\n<\/div><\/div><\/div><\/div><\/div><\/div><div class=\"vc_col-sm-3 wpb_column vc_column_container\"><div class=\"vc_column-inner\"><div class=\"wpb_wrapper\"><div class=\"w-iconbox iconpos_top style_outlined color_primary align_center\"><a href=\"#first\" class=\"w-iconbox-link\" aria-label=\"Projektiranje\"><div class=\"w-iconbox-icon\" style=\"font-size:32;\"><i class=\"far fa-edit\"><\/i><\/div><\/a><div class=\"w-iconbox-meta\"><h4 class=\"w-iconbox-title\"><a href=\"#first\" class=\"w-iconbox-link\" aria-label=\"Projektiranje\">Projektiranje<\/a><\/h4><div class=\"w-iconbox-text\"><p>Nudimo storitev projektiranja tehni\u010dne dokumentacije za vse vrste stavbnega pohi\u0161tva, aluminijastih fasad, prezra\u010devanih fasad, zimskih vrtov in la\u017ejih kovinskih konstrukcij.<\/p>\n<\/div><\/div><\/div><\/div><\/div><\/div><div class=\"vc_col-sm-3 wpb_column vc_column_container\"><div class=\"vc_column-inner\"><div class=\"wpb_wrapper\"><div class=\"w-iconbox iconpos_top style_outlined color_primary align_center\"><a href=\"#second\" class=\"w-iconbox-link\" aria-label=\"Vodenje projektov\"><div class=\"w-iconbox-icon\" style=\"font-size:32;\"><i class=\"fas fa-calendar-alt\"><\/i><\/div><\/a><div class=\"w-iconbox-meta\"><h4 class=\"w-iconbox-title\"><a href=\"#second\" class=\"w-iconbox-link\" aria-label=\"Vodenje projektov\">Vodenje projektov<\/a><\/h4><div class=\"w-iconbox-text\"><p>Prepustite projekt izvedbe v na\u0161e vodenje. Izvedemo celoten postopek vodenja projekta, od projektiranja, izvedbe, do primopredaje va\u0161emu naro\u010dniku. Izvedbo stro\u0161kovno spremljamo in zagotavljamo ustrezen rezultat.<\/p>\n<\/div><\/div><\/div><\/div><\/div><\/div><div class=\"vc_col-sm-3 wpb_column vc_column_container\"><div class=\"vc_column-inner\"><div class=\"wpb_wrapper\"><div class=\"w-iconbox iconpos_top style_outlined color_primary align_center\"><a href=\"#third\" class=\"w-iconbox-link\" aria-label=\"Svetovanje, izobra\u017eevanje in podpora\"><div class=\"w-iconbox-icon\" style=\"font-size:32;\"><i class=\"fas fa-superscript\"><\/i><\/div><\/a><div class=\"w-iconbox-meta\"><h4 class=\"w-iconbox-title\"><a href=\"#third\" class=\"w-iconbox-link\" aria-label=\"Svetovanje, izobra\u017eevanje in podpora\">Svetovanje, izobra\u017eevanje in podpora<\/a><\/h4><div class=\"w-iconbox-text\"><p>Investitorjem, arhitektom in izvajalcem nudimo svetovanje pri izbiri pravilnih re\u0161itev glede na njihove \u017eelje in potrebe. Svetujemo pri izbiri profilnega sistema, stekla, sen\u010denja. Nudimo razli\u010dne in\u017eenirske analize, statiko, termi\u010dne analize, izra\u010dune toplotne in zvo\u010dne izolativnosti.<\/p>\n<\/div><\/div><\/div><\/div><\/div><\/div><\/div><\/div><\/div><\/div><\/div><\/div><\/section><section class=\"l-section wpb_row height_huge color_primary with_img parallax_ver\" id=\"second\"><div class=\"l-section-img\" role=\"img\" aria-label=\"Image\" data-img-width=\"1800\" data-img-height=\"1200\" style=\"background-image: url(http:\/\/devasi.si\/start\/wp-content\/uploads\/2017\/02\/us-placeholder-landscape.jpg);\"><\/div><div class=\"l-section-overlay\" style=\"background:rgba(25,25,25,0.62)\"><\/div><div class=\"l-section-h i-cf\"><div class=\"g-cols vc_row via_flex valign_top type_default stacking_default\"><div class=\"vc_col-sm-12 wpb_column vc_column_container\"><div class=\"vc_column-inner\"><div class=\"wpb_wrapper\"><div class=\"wpb_text_column\"><div class=\"wpb_wrapper\"><h2 style=\"text-align: center;\"><strong>Devasi d.o.o.<\/strong>\u00a0Facade Engineering &amp; Consultancy\u00a0v \u0161tevilkah!<\/h2>\n<\/div><\/div><div class=\"w-separator size_large\"><\/div><div class=\"g-cols wpb_row via_flex valign_top type_default stacking_default\"><div class=\"vc_col-sm-6 vc_col-md-3 wpb_column vc_column_container\"><div class=\"vc_column-inner\"><div class=\"wpb_wrapper\"><div class=\"w-counter us_custom_69e32a11 color_heading align_center has_font_size\" data-duration=\"2\"><div class=\"w-counter-value\"><span class=\"w-counter-value-part type_text\" data-final=\"\"><\/span><span class=\"w-counter-value-part type_number\" data-final=\"212\">90<\/span><span class=\"w-counter-value-part type_text\" data-final=\"\"><\/span><\/div><h6 class=\"w-counter-title\">Zaklju\u010denih projektov<\/h6><\/div><\/div><\/div><\/div><div class=\"vc_col-sm-6 vc_col-md-3 wpb_column vc_column_container\"><div class=\"vc_column-inner\"><div class=\"wpb_wrapper\"><div class=\"w-counter us_custom_a832860b color_primary align_center has_font_size\" data-duration=\"2\"><div class=\"w-counter-value\"><span class=\"w-counter-value-part type_text\" data-final=\"\"><\/span><span class=\"w-counter-value-part type_number\" data-final=\"12\">0<\/span><span class=\"w-counter-value-part type_text\" data-final=\"\"><\/span><\/div><h6 class=\"w-counter-title\">Dr\u017eav<\/h6><\/div><\/div><\/div><\/div><div class=\"vc_col-sm-6 vc_col-md-3 wpb_column vc_column_container\"><div class=\"vc_column-inner\"><div class=\"wpb_wrapper\"><div class=\"w-counter us_custom_69e32a11 color_heading align_center has_font_size\" data-duration=\"2\"><div class=\"w-counter-value\"><span class=\"w-counter-value-part type_text\" data-final=\"\"><\/span><span class=\"w-counter-value-part type_number\" data-final=\"124\">70<\/span><span class=\"w-counter-value-part type_text\" data-final=\"\"><\/span><\/div><h6 class=\"w-counter-title\">Investitorjev<\/h6><\/div><\/div><\/div><\/div><div class=\"vc_col-sm-6 vc_col-md-3 wpb_column vc_column_container\"><div class=\"vc_column-inner\"><div class=\"wpb_wrapper\"><div class=\"w-counter us_custom_69e32a11 color_primary align_center has_font_size\" data-duration=\"2\"><div class=\"w-counter-value\"><span class=\"w-counter-value-part type_text\" data-final=\"\"><\/span><span class=\"w-counter-value-part type_number\" data-final=\"33\">0<\/span><span class=\"w-counter-value-part type_text\" data-final=\"\"><\/span><\/div><h6 class=\"w-counter-title\">Izvajalcev<\/h6><\/div><\/div><\/div><\/div><\/div><\/div><\/div><\/div><\/div><\/div><\/section><section class=\"l-section wpb_row height_medium\"><div class=\"l-section-h i-cf\"><div class=\"g-cols vc_row via_flex valign_top type_default stacking_default\"><div class=\"vc_col-sm-12 wpb_column vc_column_container\"><div class=\"vc_column-inner\"><div class=\"wpb_wrapper\"><div class=\"wpb_text_column\"><div class=\"wpb_wrapper\"><h2 style=\"text-align: center;\"><strong>Devasi d.o.o.<\/strong>\u00a0programska oprema<\/h2>\n<\/div><\/div><div class=\"w-separator size_medium\"><\/div><div class=\"wpb_text_column\"><div class=\"wpb_wrapper\"><p><img loading=\"lazy\" decoding=\"async\" class=\"size-full wp-image-6308 alignright\" src=\"http:\/\/devasi.si\/start\/wp-content\/uploads\/2018\/12\/cad-plan-logo.png\" alt=\"\" width=\"440\" height=\"129\" srcset=\"http:\/\/devasi.si\/start\/wp-content\/uploads\/2018\/12\/cad-plan-logo.png 440w, http:\/\/devasi.si\/start\/wp-content\/uploads\/2018\/12\/cad-plan-logo-300x88.png 300w\" sizes=\"auto, (max-width: 440px) 100vw, 440px\" \/>Smo poobla\u0161\u010deni distributer za programsko opremo podjetja CAD-PLAN GmbH iz Frankfurta \u017ee od leta 2008. Nudimo vam programsko opremo za projektiranje Athena, programsko opremo termi\u010dne analize Flixo, statiko stekla SJ Mepla in vse Autodeskove produkte, na primer AutoCAD Toolsts.<\/p>\n<p>Z navedenimi produkti zagotovimo projektantom programsko opremo, ki jim omogo\u010da, da si prihranijo ve\u010dji del rutinskega dela, pove\u010dajo u\u010dinkovitost in produktivnost. Na\u0161e analize ka\u017eejo, da z uporabo programske opreme\u00a0CAD-PLAN Athena projektant pove\u010da svojo u\u010dinkovitost za kar 40%.<\/p>\n<\/div><\/div><div class=\"w-separator size_medium\"><\/div><div class=\"g-cols wpb_row via_flex valign_top type_default stacking_default\"><div class=\"vc_col-sm-3\/5 wpb_column vc_column_container\"><div class=\"vc_column-inner\"><div class=\"wpb_wrapper\"><div class=\"w-iconbox iconpos_left style_default color_primary align_left\"><div class=\"w-iconbox-icon\" style=\"font-size:2rem;\"><i class=\"fas fa-sign\"><\/i><\/div><div class=\"w-iconbox-meta\"><h4 class=\"w-iconbox-title\">CAD-PLAN Athena<\/h4><div class=\"w-iconbox-text\"><p>programska oprema za AutoCAD. Namenjena je projektiranju celotnega podro\u010dja stavbnega pohi\u0161tva. Podro\u010dja uporabe so steklene fasade vseh vrst, kovinske konstrukcije, prezra\u010devane fasade, okna, vrata, obdelava plo\u010devin in kompozitnih materialov, razli\u010dne in\u017eenirske analize. Athena omogo\u010da projektiranje detajlov v 2D, 3D projektiranje, obdelavo plo\u010devin in kompozitov, stati\u010dne, termalne analize, zvo\u010dne analize, ter drugo. Vsebuje preko 90.000 standardnih elementov.<\/p>\n<\/div><\/div><\/div><\/div><\/div><\/div><div class=\"vc_col-sm-2\/5 wpb_column vc_column_container\"><div class=\"vc_column-inner\"><div class=\"wpb_wrapper\"><div class=\"w-iconbox iconpos_left style_default color_primary align_left\"><div class=\"w-iconbox-icon\" style=\"font-size:2rem;\"><i class=\"fas fa-sign\"><\/i><\/div><div class=\"w-iconbox-meta\"><h4 class=\"w-iconbox-title\">Infomind flixo<\/h4><div class=\"w-iconbox-text\"><p>programska oprema za termi\u010dne analize in poro\u010dila. Flixo izra\u010duna in pripravi termi\u010dno analizo komponent in detajla na podlagi posameznih prerezov fasad. Razvit je bil za arhitekte, gradbene fizike, projektante, energijske svetovalce in druge strokovnjake. Z njim ugotovimo pomanjkljivosti v detajlih \u017ee v \u010dasu projektiranja, ter jih tako odpravimo.<\/p>\n<\/div><\/div><\/div><\/div><\/div><\/div><\/div><div class=\"w-separator size_medium\"><\/div><div class=\"g-cols wpb_row via_flex valign_top type_default stacking_default\"><div class=\"vc_col-sm-2\/5 wpb_column vc_column_container\"><div class=\"vc_column-inner\"><div class=\"wpb_wrapper\"><div class=\"w-iconbox iconpos_left style_default color_primary align_left\"><div class=\"w-iconbox-icon\" style=\"font-size:2rem;\"><i class=\"fas fa-sign\"><\/i><\/div><div class=\"w-iconbox-meta\"><h4 class=\"w-iconbox-title\">SJ MEPLA<\/h4><div class=\"w-iconbox-text\"><p>programska oprema za stati\u010dne izra\u010dune steklenih konstrukcij in stekla. SJ MEPLA ponuja nove pristope stati\u010dnemu izra\u010dunu za laminirana stekla, izolacijska stekla in to\u010dkovno vpeta steka. Omogo\u010da tudi raziskave z nihajnimi obremenitvami in obremenitvami pritiska.<\/p>\n<\/div><\/div><\/div><\/div><\/div><\/div><div class=\"vc_col-sm-3\/5 wpb_column vc_column_container\"><div class=\"vc_column-inner\"><div class=\"wpb_wrapper\"><div class=\"w-iconbox iconpos_left style_default color_primary align_left\"><div class=\"w-iconbox-icon\" style=\"font-size:2rem;\"><i class=\"fas fa-sign\"><\/i><\/div><div class=\"w-iconbox-meta\"><h4 class=\"w-iconbox-title\">AutoCAD Toolsets<\/h4><div class=\"w-iconbox-text\"><p>AutoCAD je najpopularnej\u0161i CAD software na svetu z okoli 6 milijoni uporabnikov. Od leto\u0161njega leta dalje je AutoCAD na voljo kot AutoCAD z dodatki za vse stroke in se sedaj imenuje AutoCAD Toolsets. Z najemom AutoCAD-a uporabnik prejeme dostop do orodij Architecture, Map 3D, MEP, Mechanical, Electrical, Raster Design in Plant 3D ter si jih namesti po potrebi. <\/p>\n<\/div><\/div><\/div><\/div><\/div><\/div><\/div><div class=\"w-separator size_large\"><\/div><\/div><\/div><\/div><\/div><\/div><\/section><section class=\"l-section wpb_row height_medium color_primary\" id=\"fourth\"><div class=\"l-section-h i-cf\"><div class=\"g-cols vc_row via_flex valign_top type_default stacking_default\"><div class=\"vc_col-sm-12 wpb_column vc_column_container\"><div class=\"vc_column-inner\"><div class=\"wpb_wrapper\"><div class=\"w-actionbox color_primary controls_right\"><div class=\"w-actionbox-text\"><h2 class=\"w-actionbox-title\" style=\"font-size:h3\">CAD-PLAN ATHENA 2025<\/h2><div class=\"w-actionbox-description\"><p>ATHENA je vodilna programska oprema za projektiranje fasadnih konstrukcij, detajliranje, obdelavo plo\u010devin, in\u017eenirskih analiz in 3D modeliranja stavbnega pohi\u0161tva na svetu.<\/p>\n<\/div><\/div><div class=\"w-actionbox-controls\"><a class=\"w-btn us-btn-style_6 icon_atleft\" href=\"http:\/\/devasi.si\/start\/pages\/kontakt\" style=\"font-size:20px;\"><i class=\"fas fa-shopping-cart\"><\/i><span class=\"w-btn-label\">INFO<\/span><\/a><\/div><\/div><\/div><\/div><\/div><\/div><\/div><\/section><section class=\"l-section wpb_row height_medium\"><div class=\"l-section-h i-cf\"><div class=\"g-cols vc_row via_flex valign_top type_default stacking_default\"><div class=\"vc_col-sm-12 wpb_column vc_column_container\"><div class=\"vc_column-inner\"><div class=\"wpb_wrapper\"><\/div><\/div><\/div><\/div><\/div><\/section>\n","protected":false},"excerpt":{"rendered":"[rev_slider_vc alias=\"start-1\"]ATHENA 2025 je na voljo!V sodelovanju z na\u0161im razvojnim oddelkom in s pomo\u010djo va\u0161ih predlogov, smo \u0161e enkrat ve\u010d izdelali verzijo, ki vam bo pomagala dose\u010di cilje \u0161e hitreje, bolj varno, in bolj efektivno. 07.11.2025 ATHENA 2025 preberi ve\u010d&#8230;Devasi d.o.o.\u00a0in\u017eenirske storitve Programska opremaSmo poobla\u0161\u010deni distributer za programsko opremo podjetja CAD-PLAN GmbH. Nudimo programsko opremo...","protected":false},"author":1,"featured_media":0,"parent":0,"menu_order":0,"comment_status":"closed","ping_status":"closed","template":"","meta":{"footnotes":""},"class_list":["post-8","page","type-page","status-publish","hentry"],"_links":{"self":[{"href":"http:\/\/devasi.si\/start\/wp-json\/wp\/v2\/pages\/8","targetHints":{"allow":["GET"]}}],"collection":[{"href":"http:\/\/devasi.si\/start\/wp-json\/wp\/v2\/pages"}],"about":[{"href":"http:\/\/devasi.si\/start\/wp-json\/wp\/v2\/types\/page"}],"author":[{"embeddable":true,"href":"http:\/\/devasi.si\/start\/wp-json\/wp\/v2\/users\/1"}],"replies":[{"embeddable":true,"href":"http:\/\/devasi.si\/start\/wp-json\/wp\/v2\/comments?post=8"}],"version-history":[{"count":80,"href":"http:\/\/devasi.si\/start\/wp-json\/wp\/v2\/pages\/8\/revisions"}],"predecessor-version":[{"id":6673,"href":"http:\/\/devasi.si\/start\/wp-json\/wp\/v2\/pages\/8\/revisions\/6673"}],"wp:attachment":[{"href":"http:\/\/devasi.si\/start\/wp-json\/wp\/v2\/media?parent=8"}],"curies":[{"name":"wp","href":"https:\/\/api.w.org\/{rel}","templated":true}]}}